{"id":3728,"date":"2024-07-18T09:56:33","date_gmt":"2024-07-18T09:56:33","guid":{"rendered":"https:\/\/maxenceremy.com\/%e3%82%a8%e3%83%b3%e3%82%b8%e3%83%8b%e3%82%a2%e3%83%aa%e3%83%b3%e3%82%b0"},"modified":"2026-01-29T11:45:39","modified_gmt":"2026-01-29T11:45:39","slug":"%e3%82%a8%e3%83%b3%e3%82%b8%e3%83%8b%e3%82%a2%e3%83%aa%e3%83%b3%e3%82%b0","status":"publish","type":"page","link":"https:\/\/maxieremy.com\/ja\/%e3%82%a8%e3%83%b3%e3%82%b8%e3%83%8b%e3%82%a2%e3%83%aa%e3%83%b3%e3%82%b0","title":{"rendered":"\u30b2\u30fc\u30e0"},"content":{"rendered":"","protected":false},"excerpt":{"rendered":"","protected":false},"author":1,"featured_media":0,"parent":0,"menu_order":0,"comment_status":"closed","ping_status":"closed","template":"","meta":{"_et_pb_use_builder":"on","_et_pb_old_content":"","_et_gb_content_width":"","footnotes":""},"class_list":["post-3728","page","type-page","status-publish","hentry"],"yoast_head":"<!-- This site is optimized with the Yoast SEO plugin v27.4 - https:\/\/yoast.com\/product\/yoast-seo-wordpress\/ -->\n<title>\u30b2\u30fc\u30e0 - Maxie Remy<\/title>\n<meta name=\"description\" content=\"Maxie Remy est une ing\u00e9nieure Unity freelance parisienne avec une expertise en XR, game design et level design.\" \/>\n<meta name=\"robots\" content=\"index, follow, max-snippet:-1, max-image-preview:large, max-video-preview:-1\" \/>\n<link rel=\"canonical\" href=\"https:\/\/maxieremy.com\/ja\/%e3%82%a8%e3%83%b3%e3%82%b8%e3%83%8b%e3%82%a2%e3%83%aa%e3%83%b3%e3%82%b0\" \/>\n<meta property=\"og:locale\" content=\"ja_JP\" \/>\n<meta property=\"og:type\" content=\"article\" \/>\n<meta property=\"og:title\" content=\"\u30b2\u30fc\u30e0 - Maxie Remy\" \/>\n<meta property=\"og:description\" content=\"Maxie Remy est une ing\u00e9nieure Unity freelance parisienne avec une expertise en XR, game design et level design.\" \/>\n<meta property=\"og:url\" content=\"https:\/\/maxieremy.com\/ja\/%e3%82%a8%e3%83%b3%e3%82%b8%e3%83%8b%e3%82%a2%e3%83%aa%e3%83%b3%e3%82%b0\" \/>\n<meta property=\"og:site_name\" content=\"Maxie Remy\" \/>\n<meta property=\"article:modified_time\" content=\"2026-01-29T11:45:39+00:00\" \/>\n<meta name=\"twitter:card\" content=\"summary_large_image\" \/>\n<script type=\"application\/ld+json\" class=\"yoast-schema-graph\">{\"@context\":\"https:\\\/\\\/schema.org\",\"@graph\":[{\"@type\":\"WebPage\",\"@id\":\"https:\\\/\\\/maxieremy.com\\\/ja\\\/%e3%82%a8%e3%83%b3%e3%82%b8%e3%83%8b%e3%82%a2%e3%83%aa%e3%83%b3%e3%82%b0\",\"url\":\"https:\\\/\\\/maxieremy.com\\\/ja\\\/%e3%82%a8%e3%83%b3%e3%82%b8%e3%83%8b%e3%82%a2%e3%83%aa%e3%83%b3%e3%82%b0\",\"name\":\"\u30b2\u30fc\u30e0 - Maxie Remy\",\"isPartOf\":{\"@id\":\"https:\\\/\\\/maxieremy.com\\\/ja#website\"},\"datePublished\":\"2024-07-18T09:56:33+00:00\",\"dateModified\":\"2026-01-29T11:45:39+00:00\",\"description\":\"Maxie Remy est une ing\u00e9nieure Unity freelance parisienne avec une expertise en XR, game design et level design.\",\"breadcrumb\":{\"@id\":\"https:\\\/\\\/maxieremy.com\\\/ja\\\/%e3%82%a8%e3%83%b3%e3%82%b8%e3%83%8b%e3%82%a2%e3%83%aa%e3%83%b3%e3%82%b0#breadcrumb\"},\"inLanguage\":\"ja\",\"potentialAction\":[{\"@type\":\"ReadAction\",\"target\":[\"https:\\\/\\\/maxieremy.com\\\/ja\\\/%e3%82%a8%e3%83%b3%e3%82%b8%e3%83%8b%e3%82%a2%e3%83%aa%e3%83%b3%e3%82%b0\"]}]},{\"@type\":\"BreadcrumbList\",\"@id\":\"https:\\\/\\\/maxieremy.com\\\/ja\\\/%e3%82%a8%e3%83%b3%e3%82%b8%e3%83%8b%e3%82%a2%e3%83%aa%e3%83%b3%e3%82%b0#breadcrumb\",\"itemListElement\":[{\"@type\":\"ListItem\",\"position\":1,\"name\":\"Accueil\",\"item\":\"https:\\\/\\\/maxieremy.com\\\/ja\"},{\"@type\":\"ListItem\",\"position\":2,\"name\":\"\u30b2\u30fc\u30e0\"}]},{\"@type\":\"WebSite\",\"@id\":\"https:\\\/\\\/maxieremy.com\\\/ja#website\",\"url\":\"https:\\\/\\\/maxieremy.com\\\/ja\",\"name\":\"Maxie Remy\",\"description\":\"Sc\u00e9nario, r\u00e9alisation et ing\u00e9nierie num\u00e9rique\",\"potentialAction\":[{\"@type\":\"SearchAction\",\"target\":{\"@type\":\"EntryPoint\",\"urlTemplate\":\"https:\\\/\\\/maxieremy.com\\\/ja?s={search_term_string}\"},\"query-input\":{\"@type\":\"PropertyValueSpecification\",\"valueRequired\":true,\"valueName\":\"search_term_string\"}}],\"inLanguage\":\"ja\"}]}<\/script>\n<!-- \/ Yoast SEO plugin. -->","yoast_head_json":{"title":"\u30b2\u30fc\u30e0 - Maxie Remy","description":"Maxie Remy est une ing\u00e9nieure Unity freelance parisienne avec une expertise en XR, game design et level design.","robots":{"index":"index","follow":"follow","max-snippet":"max-snippet:-1","max-image-preview":"max-image-preview:large","max-video-preview":"max-video-preview:-1"},"canonical":"https:\/\/maxieremy.com\/ja\/%e3%82%a8%e3%83%b3%e3%82%b8%e3%83%8b%e3%82%a2%e3%83%aa%e3%83%b3%e3%82%b0","og_locale":"ja_JP","og_type":"article","og_title":"\u30b2\u30fc\u30e0 - Maxie Remy","og_description":"Maxie Remy est une ing\u00e9nieure Unity freelance parisienne avec une expertise en XR, game design et level design.","og_url":"https:\/\/maxieremy.com\/ja\/%e3%82%a8%e3%83%b3%e3%82%b8%e3%83%8b%e3%82%a2%e3%83%aa%e3%83%b3%e3%82%b0","og_site_name":"Maxie Remy","article_modified_time":"2026-01-29T11:45:39+00:00","twitter_card":"summary_large_image","schema":{"@context":"https:\/\/schema.org","@graph":[{"@type":"WebPage","@id":"https:\/\/maxieremy.com\/ja\/%e3%82%a8%e3%83%b3%e3%82%b8%e3%83%8b%e3%82%a2%e3%83%aa%e3%83%b3%e3%82%b0","url":"https:\/\/maxieremy.com\/ja\/%e3%82%a8%e3%83%b3%e3%82%b8%e3%83%8b%e3%82%a2%e3%83%aa%e3%83%b3%e3%82%b0","name":"\u30b2\u30fc\u30e0 - Maxie Remy","isPartOf":{"@id":"https:\/\/maxieremy.com\/ja#website"},"datePublished":"2024-07-18T09:56:33+00:00","dateModified":"2026-01-29T11:45:39+00:00","description":"Maxie Remy est une ing\u00e9nieure Unity freelance parisienne avec une expertise en XR, game design et level design.","breadcrumb":{"@id":"https:\/\/maxieremy.com\/ja\/%e3%82%a8%e3%83%b3%e3%82%b8%e3%83%8b%e3%82%a2%e3%83%aa%e3%83%b3%e3%82%b0#breadcrumb"},"inLanguage":"ja","potentialAction":[{"@type":"ReadAction","target":["https:\/\/maxieremy.com\/ja\/%e3%82%a8%e3%83%b3%e3%82%b8%e3%83%8b%e3%82%a2%e3%83%aa%e3%83%b3%e3%82%b0"]}]},{"@type":"BreadcrumbList","@id":"https:\/\/maxieremy.com\/ja\/%e3%82%a8%e3%83%b3%e3%82%b8%e3%83%8b%e3%82%a2%e3%83%aa%e3%83%b3%e3%82%b0#breadcrumb","itemListElement":[{"@type":"ListItem","position":1,"name":"Accueil","item":"https:\/\/maxieremy.com\/ja"},{"@type":"ListItem","position":2,"name":"\u30b2\u30fc\u30e0"}]},{"@type":"WebSite","@id":"https:\/\/maxieremy.com\/ja#website","url":"https:\/\/maxieremy.com\/ja","name":"Maxie Remy","description":"Sc\u00e9nario, r\u00e9alisation et ing\u00e9nierie num\u00e9rique","potentialAction":[{"@type":"SearchAction","target":{"@type":"EntryPoint","urlTemplate":"https:\/\/maxieremy.com\/ja?s={search_term_string}"},"query-input":{"@type":"PropertyValueSpecification","valueRequired":true,"valueName":"search_term_string"}}],"inLanguage":"ja"}]}},"_links":{"self":[{"href":"https:\/\/maxieremy.com\/ja\/wp-json\/wp\/v2\/pages\/3728","targetHints":{"allow":["GET"]}}],"collection":[{"href":"https:\/\/maxieremy.com\/ja\/wp-json\/wp\/v2\/pages"}],"about":[{"href":"https:\/\/maxieremy.com\/ja\/wp-json\/wp\/v2\/types\/page"}],"author":[{"embeddable":true,"href":"https:\/\/maxieremy.com\/ja\/wp-json\/wp\/v2\/users\/1"}],"replies":[{"embeddable":true,"href":"https:\/\/maxieremy.com\/ja\/wp-json\/wp\/v2\/comments?post=3728"}],"version-history":[{"count":2,"href":"https:\/\/maxieremy.com\/ja\/wp-json\/wp\/v2\/pages\/3728\/revisions"}],"predecessor-version":[{"id":4435,"href":"https:\/\/maxieremy.com\/ja\/wp-json\/wp\/v2\/pages\/3728\/revisions\/4435"}],"wp:attachment":[{"href":"https:\/\/maxieremy.com\/ja\/wp-json\/wp\/v2\/media?parent=3728"}],"curies":[{"name":"wp","href":"https:\/\/api.w.org\/{rel}","templated":true}]}}