{"id":3239,"date":"2022-10-02T16:56:58","date_gmt":"2022-10-02T16:56:58","guid":{"rendered":"https:\/\/maxenceremy.com\/un-oiseau-qui-tombe-a-pic"},"modified":"2022-10-02T16:56:58","modified_gmt":"2022-10-02T16:56:58","slug":"un-oiseau-qui-tombe-a-pic","status":"publish","type":"page","link":"https:\/\/maxieremy.com\/ja\/un-oiseau-qui-tombe-a-pic","title":{"rendered":"Un Oiseau qui tombe \u00e0 pic"},"content":{"rendered":"","protected":false},"excerpt":{"rendered":"","protected":false},"author":1,"featured_media":0,"parent":0,"menu_order":0,"comment_status":"closed","ping_status":"closed","template":"","meta":{"_et_pb_use_builder":"on","_et_pb_old_content":"","_et_gb_content_width":"","footnotes":""},"class_list":["post-3239","page","type-page","status-publish","hentry"],"yoast_head":"<!-- This site is optimized with the Yoast SEO plugin v27.5 - https:\/\/yoast.com\/product\/yoast-seo-wordpress\/ -->\n<title>Un Oiseau qui tombe \u00e0 pic - Maxie Remy<\/title>\n<meta name=\"description\" content=\"\u5922\u3086\u3081\u306e\u306a\u304b\u3067\u3001\u7a7a\u3092\u98db\u3093\u3060\u3053\u3068\u306f\u3042\u308a\u307e\u3059\u304b \u30ec\u30df \u30de\u30af\u30bd\u30f3\u30b9 \u4f5c \u30a4\u30f3\u30b0 \u30af\u30ea\u30c3\u30b5 \u7d75 \u6b66\u5c45 \u3061\u3072\u308d \u8a33\" \/>\n<meta name=\"robots\" content=\"index, follow, max-snippet:-1, max-image-preview:large, max-video-preview:-1\" \/>\n<link rel=\"canonical\" href=\"https:\/\/maxieremy.com\/ja\/un-oiseau-qui-tombe-a-pic\" \/>\n<meta property=\"og:locale\" content=\"ja_JP\" \/>\n<meta property=\"og:type\" content=\"article\" \/>\n<meta property=\"og:title\" content=\"Un Oiseau qui tombe \u00e0 pic - Maxie Remy\" \/>\n<meta property=\"og:description\" content=\"\u5922\u3086\u3081\u306e\u306a\u304b\u3067\u3001\u7a7a\u3092\u98db\u3093\u3060\u3053\u3068\u306f\u3042\u308a\u307e\u3059\u304b \u30ec\u30df \u30de\u30af\u30bd\u30f3\u30b9 \u4f5c \u30a4\u30f3\u30b0 \u30af\u30ea\u30c3\u30b5 \u7d75 \u6b66\u5c45 \u3061\u3072\u308d \u8a33\" \/>\n<meta property=\"og:url\" content=\"https:\/\/maxieremy.com\/ja\/un-oiseau-qui-tombe-a-pic\" \/>\n<meta property=\"og:site_name\" content=\"Maxie Remy\" \/>\n<meta name=\"twitter:card\" content=\"summary_large_image\" \/>\n<script type=\"application\/ld+json\" class=\"yoast-schema-graph\">{\"@context\":\"https:\\\/\\\/schema.org\",\"@graph\":[{\"@type\":\"WebPage\",\"@id\":\"https:\\\/\\\/maxieremy.com\\\/ja\\\/un-oiseau-qui-tombe-a-pic\",\"url\":\"https:\\\/\\\/maxieremy.com\\\/ja\\\/un-oiseau-qui-tombe-a-pic\",\"name\":\"Un Oiseau qui tombe \u00e0 pic - Maxie Remy\",\"isPartOf\":{\"@id\":\"https:\\\/\\\/maxieremy.com\\\/ja#website\"},\"datePublished\":\"2022-10-02T16:56:58+00:00\",\"description\":\"\u5922\u3086\u3081\u306e\u306a\u304b\u3067\u3001\u7a7a\u3092\u98db\u3093\u3060\u3053\u3068\u306f\u3042\u308a\u307e\u3059\u304b \u30ec\u30df \u30de\u30af\u30bd\u30f3\u30b9 \u4f5c \u30a4\u30f3\u30b0 \u30af\u30ea\u30c3\u30b5 \u7d75 \u6b66\u5c45 \u3061\u3072\u308d \u8a33\",\"breadcrumb\":{\"@id\":\"https:\\\/\\\/maxieremy.com\\\/ja\\\/un-oiseau-qui-tombe-a-pic#breadcrumb\"},\"inLanguage\":\"ja\",\"potentialAction\":[{\"@type\":\"ReadAction\",\"target\":[\"https:\\\/\\\/maxieremy.com\\\/ja\\\/un-oiseau-qui-tombe-a-pic\"]}]},{\"@type\":\"BreadcrumbList\",\"@id\":\"https:\\\/\\\/maxieremy.com\\\/ja\\\/un-oiseau-qui-tombe-a-pic#breadcrumb\",\"itemListElement\":[{\"@type\":\"ListItem\",\"position\":1,\"name\":\"Accueil\",\"item\":\"https:\\\/\\\/maxieremy.com\\\/ja\"},{\"@type\":\"ListItem\",\"position\":2,\"name\":\"Un Oiseau qui tombe \u00e0 pic\"}]},{\"@type\":\"WebSite\",\"@id\":\"https:\\\/\\\/maxieremy.com\\\/ja#website\",\"url\":\"https:\\\/\\\/maxieremy.com\\\/ja\",\"name\":\"Maxie Remy\",\"description\":\"Sc\u00e9nario, r\u00e9alisation et ing\u00e9nierie num\u00e9rique\",\"potentialAction\":[{\"@type\":\"SearchAction\",\"target\":{\"@type\":\"EntryPoint\",\"urlTemplate\":\"https:\\\/\\\/maxieremy.com\\\/ja?s={search_term_string}\"},\"query-input\":{\"@type\":\"PropertyValueSpecification\",\"valueRequired\":true,\"valueName\":\"search_term_string\"}}],\"inLanguage\":\"ja\"}]}<\/script>\n<!-- \/ Yoast SEO plugin. -->","yoast_head_json":{"title":"Un Oiseau qui tombe \u00e0 pic - Maxie Remy","description":"\u5922\u3086\u3081\u306e\u306a\u304b\u3067\u3001\u7a7a\u3092\u98db\u3093\u3060\u3053\u3068\u306f\u3042\u308a\u307e\u3059\u304b \u30ec\u30df \u30de\u30af\u30bd\u30f3\u30b9 \u4f5c \u30a4\u30f3\u30b0 \u30af\u30ea\u30c3\u30b5 \u7d75 \u6b66\u5c45 \u3061\u3072\u308d \u8a33","robots":{"index":"index","follow":"follow","max-snippet":"max-snippet:-1","max-image-preview":"max-image-preview:large","max-video-preview":"max-video-preview:-1"},"canonical":"https:\/\/maxieremy.com\/ja\/un-oiseau-qui-tombe-a-pic","og_locale":"ja_JP","og_type":"article","og_title":"Un Oiseau qui tombe \u00e0 pic - Maxie Remy","og_description":"\u5922\u3086\u3081\u306e\u306a\u304b\u3067\u3001\u7a7a\u3092\u98db\u3093\u3060\u3053\u3068\u306f\u3042\u308a\u307e\u3059\u304b \u30ec\u30df \u30de\u30af\u30bd\u30f3\u30b9 \u4f5c \u30a4\u30f3\u30b0 \u30af\u30ea\u30c3\u30b5 \u7d75 \u6b66\u5c45 \u3061\u3072\u308d \u8a33","og_url":"https:\/\/maxieremy.com\/ja\/un-oiseau-qui-tombe-a-pic","og_site_name":"Maxie Remy","twitter_card":"summary_large_image","schema":{"@context":"https:\/\/schema.org","@graph":[{"@type":"WebPage","@id":"https:\/\/maxieremy.com\/ja\/un-oiseau-qui-tombe-a-pic","url":"https:\/\/maxieremy.com\/ja\/un-oiseau-qui-tombe-a-pic","name":"Un Oiseau qui tombe \u00e0 pic - Maxie Remy","isPartOf":{"@id":"https:\/\/maxieremy.com\/ja#website"},"datePublished":"2022-10-02T16:56:58+00:00","description":"\u5922\u3086\u3081\u306e\u306a\u304b\u3067\u3001\u7a7a\u3092\u98db\u3093\u3060\u3053\u3068\u306f\u3042\u308a\u307e\u3059\u304b \u30ec\u30df \u30de\u30af\u30bd\u30f3\u30b9 \u4f5c \u30a4\u30f3\u30b0 \u30af\u30ea\u30c3\u30b5 \u7d75 \u6b66\u5c45 \u3061\u3072\u308d \u8a33","breadcrumb":{"@id":"https:\/\/maxieremy.com\/ja\/un-oiseau-qui-tombe-a-pic#breadcrumb"},"inLanguage":"ja","potentialAction":[{"@type":"ReadAction","target":["https:\/\/maxieremy.com\/ja\/un-oiseau-qui-tombe-a-pic"]}]},{"@type":"BreadcrumbList","@id":"https:\/\/maxieremy.com\/ja\/un-oiseau-qui-tombe-a-pic#breadcrumb","itemListElement":[{"@type":"ListItem","position":1,"name":"Accueil","item":"https:\/\/maxieremy.com\/ja"},{"@type":"ListItem","position":2,"name":"Un Oiseau qui tombe \u00e0 pic"}]},{"@type":"WebSite","@id":"https:\/\/maxieremy.com\/ja#website","url":"https:\/\/maxieremy.com\/ja","name":"Maxie Remy","description":"Sc\u00e9nario, r\u00e9alisation et ing\u00e9nierie num\u00e9rique","potentialAction":[{"@type":"SearchAction","target":{"@type":"EntryPoint","urlTemplate":"https:\/\/maxieremy.com\/ja?s={search_term_string}"},"query-input":{"@type":"PropertyValueSpecification","valueRequired":true,"valueName":"search_term_string"}}],"inLanguage":"ja"}]}},"_links":{"self":[{"href":"https:\/\/maxieremy.com\/ja\/wp-json\/wp\/v2\/pages\/3239","targetHints":{"allow":["GET"]}}],"collection":[{"href":"https:\/\/maxieremy.com\/ja\/wp-json\/wp\/v2\/pages"}],"about":[{"href":"https:\/\/maxieremy.com\/ja\/wp-json\/wp\/v2\/types\/page"}],"author":[{"embeddable":true,"href":"https:\/\/maxieremy.com\/ja\/wp-json\/wp\/v2\/users\/1"}],"replies":[{"embeddable":true,"href":"https:\/\/maxieremy.com\/ja\/wp-json\/wp\/v2\/comments?post=3239"}],"version-history":[{"count":0,"href":"https:\/\/maxieremy.com\/ja\/wp-json\/wp\/v2\/pages\/3239\/revisions"}],"wp:attachment":[{"href":"https:\/\/maxieremy.com\/ja\/wp-json\/wp\/v2\/media?parent=3239"}],"curies":[{"name":"wp","href":"https:\/\/api.w.org\/{rel}","templated":true}]}}