{"id":3237,"date":"2024-01-24T20:05:30","date_gmt":"2024-01-24T20:05:30","guid":{"rendered":"https:\/\/maxenceremy.com\/maxence-remy%e3%81%ab%e3%81%a4%e3%81%84%e3%81%a6"},"modified":"2024-12-24T10:23:40","modified_gmt":"2024-12-24T10:23:40","slug":"maxie-remy%e3%81%ab%e3%81%a4%e3%81%84%e3%81%a6","status":"publish","type":"page","link":"https:\/\/maxieremy.com\/ja\/maxie-remy%e3%81%ab%e3%81%a4%e3%81%84%e3%81%a6","title":{"rendered":"Maxie Remy\u306b\u3064\u3044\u3066"},"content":{"rendered":"","protected":false},"excerpt":{"rendered":"","protected":false},"author":1,"featured_media":0,"parent":0,"menu_order":0,"comment_status":"closed","ping_status":"closed","template":"","meta":{"_et_pb_use_builder":"on","_et_pb_old_content":"","_et_gb_content_width":"","footnotes":""},"class_list":["post-3237","page","type-page","status-publish","hentry"],"yoast_head":"<!-- This site is optimized with the Yoast SEO plugin v27.4 - https:\/\/yoast.com\/product\/yoast-seo-wordpress\/ -->\n<title>Maxie Remy\u306b\u3064\u3044\u3066 - Maxie Remy<\/title>\n<meta name=\"description\" content=\"Maxie Remy \u811a\u672c\u5bb6\u3067\u3042\u308a\u76e3\u7763\u3067\u3042\u308a\u3001\u4f1d\u7d71\u7684\u306a\u30d5\u30a3\u30af\u30b7\u30e7\u30f3\u3084\u30df\u30c3\u30af\u30b9\u30c9\u30ea\u30a2\u30ea\u30c6\u30a3\uff08XR\uff09\u3067\u306e\u6ca1\u5165\u578b\u4f53\u9a13\u3092\u5c02\u9580\u3068\u3057\u3066\u3044\u307e\u3059\u3002\u30d1\u30ea\u3068\u6771\u4eac\u3092\u62e0\u70b9\u306b\u3001\u5f7c\u5973\u306e\u4f5c\u54c1\u3067\u306f\u30b8\u30e3\u30f3\u30eb\u3084\u8a00\u8a9e\u3001\u65b0\u3057\u3044\u30e1\u30c7\u30a3\u30a2\u3092\u63a2\u6c42\u3057\u3066\u3044\u307e\u3059\u3002\" \/>\n<meta name=\"robots\" content=\"index, follow, max-snippet:-1, max-image-preview:large, max-video-preview:-1\" \/>\n<link rel=\"canonical\" href=\"https:\/\/maxieremy.com\/ja\/maxie-remy%e3%81%ab%e3%81%a4%e3%81%84%e3%81%a6\" \/>\n<meta property=\"og:locale\" content=\"ja_JP\" \/>\n<meta property=\"og:type\" content=\"article\" \/>\n<meta property=\"og:title\" content=\"Maxie Remy\u306b\u3064\u3044\u3066 - Maxie Remy\" \/>\n<meta property=\"og:description\" content=\"Maxie Remy \u811a\u672c\u5bb6\u3067\u3042\u308a\u76e3\u7763\u3067\u3042\u308a\u3001\u4f1d\u7d71\u7684\u306a\u30d5\u30a3\u30af\u30b7\u30e7\u30f3\u3084\u30df\u30c3\u30af\u30b9\u30c9\u30ea\u30a2\u30ea\u30c6\u30a3\uff08XR\uff09\u3067\u306e\u6ca1\u5165\u578b\u4f53\u9a13\u3092\u5c02\u9580\u3068\u3057\u3066\u3044\u307e\u3059\u3002\u30d1\u30ea\u3068\u6771\u4eac\u3092\u62e0\u70b9\u306b\u3001\u5f7c\u5973\u306e\u4f5c\u54c1\u3067\u306f\u30b8\u30e3\u30f3\u30eb\u3084\u8a00\u8a9e\u3001\u65b0\u3057\u3044\u30e1\u30c7\u30a3\u30a2\u3092\u63a2\u6c42\u3057\u3066\u3044\u307e\u3059\u3002\" \/>\n<meta property=\"og:url\" content=\"https:\/\/maxieremy.com\/ja\/maxie-remy%e3%81%ab%e3%81%a4%e3%81%84%e3%81%a6\" \/>\n<meta property=\"og:site_name\" content=\"Maxie Remy\" \/>\n<meta property=\"article:modified_time\" content=\"2024-12-24T10:23:40+00:00\" \/>\n<meta name=\"twitter:card\" content=\"summary_large_image\" \/>\n<script type=\"application\/ld+json\" class=\"yoast-schema-graph\">{\"@context\":\"https:\\\/\\\/schema.org\",\"@graph\":[{\"@type\":\"WebPage\",\"@id\":\"https:\\\/\\\/maxieremy.com\\\/ja\\\/maxie-remy%e3%81%ab%e3%81%a4%e3%81%84%e3%81%a6\",\"url\":\"https:\\\/\\\/maxieremy.com\\\/ja\\\/maxie-remy%e3%81%ab%e3%81%a4%e3%81%84%e3%81%a6\",\"name\":\"Maxie Remy\u306b\u3064\u3044\u3066 - Maxie Remy\",\"isPartOf\":{\"@id\":\"https:\\\/\\\/maxieremy.com\\\/ja#website\"},\"datePublished\":\"2024-01-24T20:05:30+00:00\",\"dateModified\":\"2024-12-24T10:23:40+00:00\",\"description\":\"Maxie Remy \u811a\u672c\u5bb6\u3067\u3042\u308a\u76e3\u7763\u3067\u3042\u308a\u3001\u4f1d\u7d71\u7684\u306a\u30d5\u30a3\u30af\u30b7\u30e7\u30f3\u3084\u30df\u30c3\u30af\u30b9\u30c9\u30ea\u30a2\u30ea\u30c6\u30a3\uff08XR\uff09\u3067\u306e\u6ca1\u5165\u578b\u4f53\u9a13\u3092\u5c02\u9580\u3068\u3057\u3066\u3044\u307e\u3059\u3002\u30d1\u30ea\u3068\u6771\u4eac\u3092\u62e0\u70b9\u306b\u3001\u5f7c\u5973\u306e\u4f5c\u54c1\u3067\u306f\u30b8\u30e3\u30f3\u30eb\u3084\u8a00\u8a9e\u3001\u65b0\u3057\u3044\u30e1\u30c7\u30a3\u30a2\u3092\u63a2\u6c42\u3057\u3066\u3044\u307e\u3059\u3002\",\"breadcrumb\":{\"@id\":\"https:\\\/\\\/maxieremy.com\\\/ja\\\/maxie-remy%e3%81%ab%e3%81%a4%e3%81%84%e3%81%a6#breadcrumb\"},\"inLanguage\":\"ja\",\"potentialAction\":[{\"@type\":\"ReadAction\",\"target\":[\"https:\\\/\\\/maxieremy.com\\\/ja\\\/maxie-remy%e3%81%ab%e3%81%a4%e3%81%84%e3%81%a6\"]}]},{\"@type\":\"BreadcrumbList\",\"@id\":\"https:\\\/\\\/maxieremy.com\\\/ja\\\/maxie-remy%e3%81%ab%e3%81%a4%e3%81%84%e3%81%a6#breadcrumb\",\"itemListElement\":[{\"@type\":\"ListItem\",\"position\":1,\"name\":\"Accueil\",\"item\":\"https:\\\/\\\/maxieremy.com\\\/ja\"},{\"@type\":\"ListItem\",\"position\":2,\"name\":\"Maxie Remy\u306b\u3064\u3044\u3066\"}]},{\"@type\":\"WebSite\",\"@id\":\"https:\\\/\\\/maxieremy.com\\\/ja#website\",\"url\":\"https:\\\/\\\/maxieremy.com\\\/ja\",\"name\":\"Maxie Remy\",\"description\":\"Sc\u00e9nario, r\u00e9alisation et ing\u00e9nierie num\u00e9rique\",\"potentialAction\":[{\"@type\":\"SearchAction\",\"target\":{\"@type\":\"EntryPoint\",\"urlTemplate\":\"https:\\\/\\\/maxieremy.com\\\/ja?s={search_term_string}\"},\"query-input\":{\"@type\":\"PropertyValueSpecification\",\"valueRequired\":true,\"valueName\":\"search_term_string\"}}],\"inLanguage\":\"ja\"}]}<\/script>\n<!-- \/ Yoast SEO plugin. -->","yoast_head_json":{"title":"Maxie Remy\u306b\u3064\u3044\u3066 - Maxie Remy","description":"Maxie Remy \u811a\u672c\u5bb6\u3067\u3042\u308a\u76e3\u7763\u3067\u3042\u308a\u3001\u4f1d\u7d71\u7684\u306a\u30d5\u30a3\u30af\u30b7\u30e7\u30f3\u3084\u30df\u30c3\u30af\u30b9\u30c9\u30ea\u30a2\u30ea\u30c6\u30a3\uff08XR\uff09\u3067\u306e\u6ca1\u5165\u578b\u4f53\u9a13\u3092\u5c02\u9580\u3068\u3057\u3066\u3044\u307e\u3059\u3002\u30d1\u30ea\u3068\u6771\u4eac\u3092\u62e0\u70b9\u306b\u3001\u5f7c\u5973\u306e\u4f5c\u54c1\u3067\u306f\u30b8\u30e3\u30f3\u30eb\u3084\u8a00\u8a9e\u3001\u65b0\u3057\u3044\u30e1\u30c7\u30a3\u30a2\u3092\u63a2\u6c42\u3057\u3066\u3044\u307e\u3059\u3002","robots":{"index":"index","follow":"follow","max-snippet":"max-snippet:-1","max-image-preview":"max-image-preview:large","max-video-preview":"max-video-preview:-1"},"canonical":"https:\/\/maxieremy.com\/ja\/maxie-remy%e3%81%ab%e3%81%a4%e3%81%84%e3%81%a6","og_locale":"ja_JP","og_type":"article","og_title":"Maxie Remy\u306b\u3064\u3044\u3066 - Maxie Remy","og_description":"Maxie Remy \u811a\u672c\u5bb6\u3067\u3042\u308a\u76e3\u7763\u3067\u3042\u308a\u3001\u4f1d\u7d71\u7684\u306a\u30d5\u30a3\u30af\u30b7\u30e7\u30f3\u3084\u30df\u30c3\u30af\u30b9\u30c9\u30ea\u30a2\u30ea\u30c6\u30a3\uff08XR\uff09\u3067\u306e\u6ca1\u5165\u578b\u4f53\u9a13\u3092\u5c02\u9580\u3068\u3057\u3066\u3044\u307e\u3059\u3002\u30d1\u30ea\u3068\u6771\u4eac\u3092\u62e0\u70b9\u306b\u3001\u5f7c\u5973\u306e\u4f5c\u54c1\u3067\u306f\u30b8\u30e3\u30f3\u30eb\u3084\u8a00\u8a9e\u3001\u65b0\u3057\u3044\u30e1\u30c7\u30a3\u30a2\u3092\u63a2\u6c42\u3057\u3066\u3044\u307e\u3059\u3002","og_url":"https:\/\/maxieremy.com\/ja\/maxie-remy%e3%81%ab%e3%81%a4%e3%81%84%e3%81%a6","og_site_name":"Maxie Remy","article_modified_time":"2024-12-24T10:23:40+00:00","twitter_card":"summary_large_image","schema":{"@context":"https:\/\/schema.org","@graph":[{"@type":"WebPage","@id":"https:\/\/maxieremy.com\/ja\/maxie-remy%e3%81%ab%e3%81%a4%e3%81%84%e3%81%a6","url":"https:\/\/maxieremy.com\/ja\/maxie-remy%e3%81%ab%e3%81%a4%e3%81%84%e3%81%a6","name":"Maxie Remy\u306b\u3064\u3044\u3066 - Maxie Remy","isPartOf":{"@id":"https:\/\/maxieremy.com\/ja#website"},"datePublished":"2024-01-24T20:05:30+00:00","dateModified":"2024-12-24T10:23:40+00:00","description":"Maxie Remy \u811a\u672c\u5bb6\u3067\u3042\u308a\u76e3\u7763\u3067\u3042\u308a\u3001\u4f1d\u7d71\u7684\u306a\u30d5\u30a3\u30af\u30b7\u30e7\u30f3\u3084\u30df\u30c3\u30af\u30b9\u30c9\u30ea\u30a2\u30ea\u30c6\u30a3\uff08XR\uff09\u3067\u306e\u6ca1\u5165\u578b\u4f53\u9a13\u3092\u5c02\u9580\u3068\u3057\u3066\u3044\u307e\u3059\u3002\u30d1\u30ea\u3068\u6771\u4eac\u3092\u62e0\u70b9\u306b\u3001\u5f7c\u5973\u306e\u4f5c\u54c1\u3067\u306f\u30b8\u30e3\u30f3\u30eb\u3084\u8a00\u8a9e\u3001\u65b0\u3057\u3044\u30e1\u30c7\u30a3\u30a2\u3092\u63a2\u6c42\u3057\u3066\u3044\u307e\u3059\u3002","breadcrumb":{"@id":"https:\/\/maxieremy.com\/ja\/maxie-remy%e3%81%ab%e3%81%a4%e3%81%84%e3%81%a6#breadcrumb"},"inLanguage":"ja","potentialAction":[{"@type":"ReadAction","target":["https:\/\/maxieremy.com\/ja\/maxie-remy%e3%81%ab%e3%81%a4%e3%81%84%e3%81%a6"]}]},{"@type":"BreadcrumbList","@id":"https:\/\/maxieremy.com\/ja\/maxie-remy%e3%81%ab%e3%81%a4%e3%81%84%e3%81%a6#breadcrumb","itemListElement":[{"@type":"ListItem","position":1,"name":"Accueil","item":"https:\/\/maxieremy.com\/ja"},{"@type":"ListItem","position":2,"name":"Maxie Remy\u306b\u3064\u3044\u3066"}]},{"@type":"WebSite","@id":"https:\/\/maxieremy.com\/ja#website","url":"https:\/\/maxieremy.com\/ja","name":"Maxie Remy","description":"Sc\u00e9nario, r\u00e9alisation et ing\u00e9nierie num\u00e9rique","potentialAction":[{"@type":"SearchAction","target":{"@type":"EntryPoint","urlTemplate":"https:\/\/maxieremy.com\/ja?s={search_term_string}"},"query-input":{"@type":"PropertyValueSpecification","valueRequired":true,"valueName":"search_term_string"}}],"inLanguage":"ja"}]}},"_links":{"self":[{"href":"https:\/\/maxieremy.com\/ja\/wp-json\/wp\/v2\/pages\/3237","targetHints":{"allow":["GET"]}}],"collection":[{"href":"https:\/\/maxieremy.com\/ja\/wp-json\/wp\/v2\/pages"}],"about":[{"href":"https:\/\/maxieremy.com\/ja\/wp-json\/wp\/v2\/types\/page"}],"author":[{"embeddable":true,"href":"https:\/\/maxieremy.com\/ja\/wp-json\/wp\/v2\/users\/1"}],"replies":[{"embeddable":true,"href":"https:\/\/maxieremy.com\/ja\/wp-json\/wp\/v2\/comments?post=3237"}],"version-history":[{"count":3,"href":"https:\/\/maxieremy.com\/ja\/wp-json\/wp\/v2\/pages\/3237\/revisions"}],"predecessor-version":[{"id":4098,"href":"https:\/\/maxieremy.com\/ja\/wp-json\/wp\/v2\/pages\/3237\/revisions\/4098"}],"wp:attachment":[{"href":"https:\/\/maxieremy.com\/ja\/wp-json\/wp\/v2\/media?parent=3237"}],"curies":[{"name":"wp","href":"https:\/\/api.w.org\/{rel}","templated":true}]}}