{"id":3236,"date":"2022-07-01T03:18:53","date_gmt":"2022-07-01T03:18:53","guid":{"rendered":"https:\/\/maxenceremy.com\/%e5%89%b2%e3%82%8c%e8%80%85%e6%b3%a8%e6%84%8f-fragile-rage"},"modified":"2024-11-18T17:38:27","modified_gmt":"2024-11-18T17:38:27","slug":"%e5%89%b2%e3%82%8c%e8%80%85%e6%b3%a8%e6%84%8f-fragile-rage","status":"publish","type":"page","link":"https:\/\/maxieremy.com\/ja\/%e5%89%b2%e3%82%8c%e8%80%85%e6%b3%a8%e6%84%8f-fragile-rage","title":{"rendered":"\u5272\u308c\u8005\u6ce8\u610f (Fragile Rage)"},"content":{"rendered":"","protected":false},"excerpt":{"rendered":"","protected":false},"author":1,"featured_media":3817,"parent":0,"menu_order":0,"comment_status":"closed","ping_status":"closed","template":"","meta":{"_et_pb_use_builder":"on","_et_pb_old_content":"","_et_gb_content_width":"","footnotes":""},"class_list":["post-3236","page","type-page","status-publish","has-post-thumbnail","hentry"],"yoast_head":"<!-- This site is optimized with the Yoast SEO plugin v27.4 - https:\/\/yoast.com\/product\/yoast-seo-wordpress\/ -->\n<title>\u5272\u308c\u8005\u6ce8\u610f (Fragile Rage) - Maxie Remy<\/title>\n<meta name=\"description\" content=\"\u5272\u308c\u8005\u6ce8\u610f (Fragile Rage)\u3001\u65e5\u672c\u3067\u5236\u4f5c\u30fb\u88fd\u4f5c\u3055\u308c\u305f\u77ed\u7de8\u6620\u753b\u3067\u3001\u7dca\u6025\u4e8b\u614b\u5ba3\u8a00\u4e0b\u306e\u6771\u4eac\u3092\u821e\u53f0\u306b\u3057\u3066\u3044\u307e\u3059\u3002\" \/>\n<meta name=\"robots\" content=\"index, follow, max-snippet:-1, max-image-preview:large, max-video-preview:-1\" \/>\n<link rel=\"canonical\" href=\"https:\/\/maxieremy.com\/ja\/%e5%89%b2%e3%82%8c%e8%80%85%e6%b3%a8%e6%84%8f-fragile-rage\" \/>\n<meta property=\"og:locale\" content=\"ja_JP\" \/>\n<meta property=\"og:type\" content=\"article\" \/>\n<meta property=\"og:title\" content=\"\u5272\u308c\u8005\u6ce8\u610f (Fragile Rage) - Maxie Remy\" \/>\n<meta property=\"og:description\" content=\"\u5272\u308c\u8005\u6ce8\u610f (Fragile Rage)\u3001\u65e5\u672c\u3067\u5236\u4f5c\u30fb\u88fd\u4f5c\u3055\u308c\u305f\u77ed\u7de8\u6620\u753b\u3067\u3001\u7dca\u6025\u4e8b\u614b\u5ba3\u8a00\u4e0b\u306e\u6771\u4eac\u3092\u821e\u53f0\u306b\u3057\u3066\u3044\u307e\u3059\u3002\" \/>\n<meta property=\"og:url\" content=\"https:\/\/maxieremy.com\/ja\/%e5%89%b2%e3%82%8c%e8%80%85%e6%b3%a8%e6%84%8f-fragile-rage\" \/>\n<meta property=\"og:site_name\" content=\"Maxie Remy\" \/>\n<meta property=\"article:modified_time\" content=\"2024-11-18T17:38:27+00:00\" \/>\n<meta property=\"og:image\" content=\"https:\/\/maxieremy.com\/wp-content\/uploads\/2022\/07\/Rage-Fragile-v1.3.00_10_17_16.Image-fixe005-1024x576.png\" \/>\n\t<meta property=\"og:image:width\" content=\"1024\" \/>\n\t<meta property=\"og:image:height\" content=\"576\" \/>\n\t<meta property=\"og:image:type\" content=\"image\/png\" \/>\n<meta name=\"twitter:card\" content=\"summary_large_image\" \/>\n<script type=\"application\/ld+json\" class=\"yoast-schema-graph\">{\"@context\":\"https:\\\/\\\/schema.org\",\"@graph\":[{\"@type\":\"WebPage\",\"@id\":\"https:\\\/\\\/maxieremy.com\\\/ja\\\/%e5%89%b2%e3%82%8c%e8%80%85%e6%b3%a8%e6%84%8f-fragile-rage\",\"url\":\"https:\\\/\\\/maxieremy.com\\\/ja\\\/%e5%89%b2%e3%82%8c%e8%80%85%e6%b3%a8%e6%84%8f-fragile-rage\",\"name\":\"\u5272\u308c\u8005\u6ce8\u610f (Fragile Rage) - Maxie Remy\",\"isPartOf\":{\"@id\":\"https:\\\/\\\/maxieremy.com\\\/ja#website\"},\"primaryImageOfPage\":{\"@id\":\"https:\\\/\\\/maxieremy.com\\\/ja\\\/%e5%89%b2%e3%82%8c%e8%80%85%e6%b3%a8%e6%84%8f-fragile-rage#primaryimage\"},\"image\":{\"@id\":\"https:\\\/\\\/maxieremy.com\\\/ja\\\/%e5%89%b2%e3%82%8c%e8%80%85%e6%b3%a8%e6%84%8f-fragile-rage#primaryimage\"},\"thumbnailUrl\":\"https:\\\/\\\/maxieremy.com\\\/wp-content\\\/uploads\\\/2022\\\/07\\\/Rage-Fragile-v1.3.00_10_17_16.Image-fixe005.png\",\"datePublished\":\"2022-07-01T03:18:53+00:00\",\"dateModified\":\"2024-11-18T17:38:27+00:00\",\"description\":\"\u5272\u308c\u8005\u6ce8\u610f (Fragile Rage)\u3001\u65e5\u672c\u3067\u5236\u4f5c\u30fb\u88fd\u4f5c\u3055\u308c\u305f\u77ed\u7de8\u6620\u753b\u3067\u3001\u7dca\u6025\u4e8b\u614b\u5ba3\u8a00\u4e0b\u306e\u6771\u4eac\u3092\u821e\u53f0\u306b\u3057\u3066\u3044\u307e\u3059\u3002\",\"breadcrumb\":{\"@id\":\"https:\\\/\\\/maxieremy.com\\\/ja\\\/%e5%89%b2%e3%82%8c%e8%80%85%e6%b3%a8%e6%84%8f-fragile-rage#breadcrumb\"},\"inLanguage\":\"ja\",\"potentialAction\":[{\"@type\":\"ReadAction\",\"target\":[\"https:\\\/\\\/maxieremy.com\\\/ja\\\/%e5%89%b2%e3%82%8c%e8%80%85%e6%b3%a8%e6%84%8f-fragile-rage\"]}]},{\"@type\":\"ImageObject\",\"inLanguage\":\"ja\",\"@id\":\"https:\\\/\\\/maxieremy.com\\\/ja\\\/%e5%89%b2%e3%82%8c%e8%80%85%e6%b3%a8%e6%84%8f-fragile-rage#primaryimage\",\"url\":\"https:\\\/\\\/maxieremy.com\\\/wp-content\\\/uploads\\\/2022\\\/07\\\/Rage-Fragile-v1.3.00_10_17_16.Image-fixe005.png\",\"contentUrl\":\"https:\\\/\\\/maxieremy.com\\\/wp-content\\\/uploads\\\/2022\\\/07\\\/Rage-Fragile-v1.3.00_10_17_16.Image-fixe005.png\",\"width\":1920,\"height\":1080,\"caption\":\"Maiya Goshima in Fragile Rage #05\"},{\"@type\":\"BreadcrumbList\",\"@id\":\"https:\\\/\\\/maxieremy.com\\\/ja\\\/%e5%89%b2%e3%82%8c%e8%80%85%e6%b3%a8%e6%84%8f-fragile-rage#breadcrumb\",\"itemListElement\":[{\"@type\":\"ListItem\",\"position\":1,\"name\":\"Accueil\",\"item\":\"https:\\\/\\\/maxieremy.com\\\/ja\"},{\"@type\":\"ListItem\",\"position\":2,\"name\":\"\u5272\u308c\u8005\u6ce8\u610f (Fragile Rage)\"}]},{\"@type\":\"WebSite\",\"@id\":\"https:\\\/\\\/maxieremy.com\\\/ja#website\",\"url\":\"https:\\\/\\\/maxieremy.com\\\/ja\",\"name\":\"Maxie Remy\",\"description\":\"Sc\u00e9nario, r\u00e9alisation et ing\u00e9nierie num\u00e9rique\",\"potentialAction\":[{\"@type\":\"SearchAction\",\"target\":{\"@type\":\"EntryPoint\",\"urlTemplate\":\"https:\\\/\\\/maxieremy.com\\\/ja?s={search_term_string}\"},\"query-input\":{\"@type\":\"PropertyValueSpecification\",\"valueRequired\":true,\"valueName\":\"search_term_string\"}}],\"inLanguage\":\"ja\"}]}<\/script>\n<!-- \/ Yoast SEO plugin. -->","yoast_head_json":{"title":"\u5272\u308c\u8005\u6ce8\u610f (Fragile Rage) - Maxie Remy","description":"\u5272\u308c\u8005\u6ce8\u610f (Fragile Rage)\u3001\u65e5\u672c\u3067\u5236\u4f5c\u30fb\u88fd\u4f5c\u3055\u308c\u305f\u77ed\u7de8\u6620\u753b\u3067\u3001\u7dca\u6025\u4e8b\u614b\u5ba3\u8a00\u4e0b\u306e\u6771\u4eac\u3092\u821e\u53f0\u306b\u3057\u3066\u3044\u307e\u3059\u3002","robots":{"index":"index","follow":"follow","max-snippet":"max-snippet:-1","max-image-preview":"max-image-preview:large","max-video-preview":"max-video-preview:-1"},"canonical":"https:\/\/maxieremy.com\/ja\/%e5%89%b2%e3%82%8c%e8%80%85%e6%b3%a8%e6%84%8f-fragile-rage","og_locale":"ja_JP","og_type":"article","og_title":"\u5272\u308c\u8005\u6ce8\u610f (Fragile Rage) - Maxie Remy","og_description":"\u5272\u308c\u8005\u6ce8\u610f (Fragile Rage)\u3001\u65e5\u672c\u3067\u5236\u4f5c\u30fb\u88fd\u4f5c\u3055\u308c\u305f\u77ed\u7de8\u6620\u753b\u3067\u3001\u7dca\u6025\u4e8b\u614b\u5ba3\u8a00\u4e0b\u306e\u6771\u4eac\u3092\u821e\u53f0\u306b\u3057\u3066\u3044\u307e\u3059\u3002","og_url":"https:\/\/maxieremy.com\/ja\/%e5%89%b2%e3%82%8c%e8%80%85%e6%b3%a8%e6%84%8f-fragile-rage","og_site_name":"Maxie Remy","article_modified_time":"2024-11-18T17:38:27+00:00","og_image":[{"width":1024,"height":576,"url":"https:\/\/maxieremy.com\/wp-content\/uploads\/2022\/07\/Rage-Fragile-v1.3.00_10_17_16.Image-fixe005-1024x576.png","type":"image\/png"}],"twitter_card":"summary_large_image","schema":{"@context":"https:\/\/schema.org","@graph":[{"@type":"WebPage","@id":"https:\/\/maxieremy.com\/ja\/%e5%89%b2%e3%82%8c%e8%80%85%e6%b3%a8%e6%84%8f-fragile-rage","url":"https:\/\/maxieremy.com\/ja\/%e5%89%b2%e3%82%8c%e8%80%85%e6%b3%a8%e6%84%8f-fragile-rage","name":"\u5272\u308c\u8005\u6ce8\u610f (Fragile Rage) - Maxie Remy","isPartOf":{"@id":"https:\/\/maxieremy.com\/ja#website"},"primaryImageOfPage":{"@id":"https:\/\/maxieremy.com\/ja\/%e5%89%b2%e3%82%8c%e8%80%85%e6%b3%a8%e6%84%8f-fragile-rage#primaryimage"},"image":{"@id":"https:\/\/maxieremy.com\/ja\/%e5%89%b2%e3%82%8c%e8%80%85%e6%b3%a8%e6%84%8f-fragile-rage#primaryimage"},"thumbnailUrl":"https:\/\/maxieremy.com\/wp-content\/uploads\/2022\/07\/Rage-Fragile-v1.3.00_10_17_16.Image-fixe005.png","datePublished":"2022-07-01T03:18:53+00:00","dateModified":"2024-11-18T17:38:27+00:00","description":"\u5272\u308c\u8005\u6ce8\u610f (Fragile Rage)\u3001\u65e5\u672c\u3067\u5236\u4f5c\u30fb\u88fd\u4f5c\u3055\u308c\u305f\u77ed\u7de8\u6620\u753b\u3067\u3001\u7dca\u6025\u4e8b\u614b\u5ba3\u8a00\u4e0b\u306e\u6771\u4eac\u3092\u821e\u53f0\u306b\u3057\u3066\u3044\u307e\u3059\u3002","breadcrumb":{"@id":"https:\/\/maxieremy.com\/ja\/%e5%89%b2%e3%82%8c%e8%80%85%e6%b3%a8%e6%84%8f-fragile-rage#breadcrumb"},"inLanguage":"ja","potentialAction":[{"@type":"ReadAction","target":["https:\/\/maxieremy.com\/ja\/%e5%89%b2%e3%82%8c%e8%80%85%e6%b3%a8%e6%84%8f-fragile-rage"]}]},{"@type":"ImageObject","inLanguage":"ja","@id":"https:\/\/maxieremy.com\/ja\/%e5%89%b2%e3%82%8c%e8%80%85%e6%b3%a8%e6%84%8f-fragile-rage#primaryimage","url":"https:\/\/maxieremy.com\/wp-content\/uploads\/2022\/07\/Rage-Fragile-v1.3.00_10_17_16.Image-fixe005.png","contentUrl":"https:\/\/maxieremy.com\/wp-content\/uploads\/2022\/07\/Rage-Fragile-v1.3.00_10_17_16.Image-fixe005.png","width":1920,"height":1080,"caption":"Maiya Goshima in Fragile Rage #05"},{"@type":"BreadcrumbList","@id":"https:\/\/maxieremy.com\/ja\/%e5%89%b2%e3%82%8c%e8%80%85%e6%b3%a8%e6%84%8f-fragile-rage#breadcrumb","itemListElement":[{"@type":"ListItem","position":1,"name":"Accueil","item":"https:\/\/maxieremy.com\/ja"},{"@type":"ListItem","position":2,"name":"\u5272\u308c\u8005\u6ce8\u610f (Fragile Rage)"}]},{"@type":"WebSite","@id":"https:\/\/maxieremy.com\/ja#website","url":"https:\/\/maxieremy.com\/ja","name":"Maxie Remy","description":"Sc\u00e9nario, r\u00e9alisation et ing\u00e9nierie num\u00e9rique","potentialAction":[{"@type":"SearchAction","target":{"@type":"EntryPoint","urlTemplate":"https:\/\/maxieremy.com\/ja?s={search_term_string}"},"query-input":{"@type":"PropertyValueSpecification","valueRequired":true,"valueName":"search_term_string"}}],"inLanguage":"ja"}]}},"_links":{"self":[{"href":"https:\/\/maxieremy.com\/ja\/wp-json\/wp\/v2\/pages\/3236","targetHints":{"allow":["GET"]}}],"collection":[{"href":"https:\/\/maxieremy.com\/ja\/wp-json\/wp\/v2\/pages"}],"about":[{"href":"https:\/\/maxieremy.com\/ja\/wp-json\/wp\/v2\/types\/page"}],"author":[{"embeddable":true,"href":"https:\/\/maxieremy.com\/ja\/wp-json\/wp\/v2\/users\/1"}],"replies":[{"embeddable":true,"href":"https:\/\/maxieremy.com\/ja\/wp-json\/wp\/v2\/comments?post=3236"}],"version-history":[{"count":1,"href":"https:\/\/maxieremy.com\/ja\/wp-json\/wp\/v2\/pages\/3236\/revisions"}],"predecessor-version":[{"id":3864,"href":"https:\/\/maxieremy.com\/ja\/wp-json\/wp\/v2\/pages\/3236\/revisions\/3864"}],"wp:featuredmedia":[{"embeddable":true,"href":"https:\/\/maxieremy.com\/ja\/wp-json\/wp\/v2\/media\/3817"}],"wp:attachment":[{"href":"https:\/\/maxieremy.com\/ja\/wp-json\/wp\/v2\/media?parent=3236"}],"curies":[{"name":"wp","href":"https:\/\/api.w.org\/{rel}","templated":true}]}}