{"id":3727,"date":"2024-07-18T09:56:33","date_gmt":"2024-07-18T09:56:33","guid":{"rendered":"https:\/\/maxenceremy.com\/engineering"},"modified":"2026-01-29T11:45:40","modified_gmt":"2026-01-29T11:45:40","slug":"engineering","status":"publish","type":"page","link":"https:\/\/maxieremy.com\/en\/engineering","title":{"rendered":"Games"},"content":{"rendered":"","protected":false},"excerpt":{"rendered":"","protected":false},"author":1,"featured_media":0,"parent":0,"menu_order":0,"comment_status":"closed","ping_status":"closed","template":"","meta":{"_et_pb_use_builder":"on","_et_pb_old_content":"","_et_gb_content_width":"","footnotes":""},"class_list":["post-3727","page","type-page","status-publish","hentry"],"yoast_head":"<!-- This site is optimized with the Yoast SEO plugin v27.4 - https:\/\/yoast.com\/product\/yoast-seo-wordpress\/ -->\n<title>Games - Maxie Remy<\/title>\n<meta name=\"description\" content=\"Maxie Remy is a freelance Unity Engineer based in Paris with a strong expertise in XR, game design and level design.\" \/>\n<meta name=\"robots\" content=\"index, follow, max-snippet:-1, max-image-preview:large, max-video-preview:-1\" \/>\n<link rel=\"canonical\" href=\"https:\/\/maxieremy.com\/en\/engineering\" \/>\n<meta property=\"og:locale\" content=\"en_US\" \/>\n<meta property=\"og:type\" content=\"article\" \/>\n<meta property=\"og:title\" content=\"Games - Maxie Remy\" \/>\n<meta property=\"og:description\" content=\"Maxie Remy is a freelance Unity Engineer based in Paris with a strong expertise in XR, game design and level design.\" \/>\n<meta property=\"og:url\" content=\"https:\/\/maxieremy.com\/en\/engineering\" \/>\n<meta property=\"og:site_name\" content=\"Maxie Remy\" \/>\n<meta property=\"article:modified_time\" content=\"2026-01-29T11:45:40+00:00\" \/>\n<meta name=\"twitter:card\" content=\"summary_large_image\" \/>\n<script type=\"application\/ld+json\" class=\"yoast-schema-graph\">{\"@context\":\"https:\\\/\\\/schema.org\",\"@graph\":[{\"@type\":\"WebPage\",\"@id\":\"https:\\\/\\\/maxieremy.com\\\/en\\\/engineering\",\"url\":\"https:\\\/\\\/maxieremy.com\\\/en\\\/engineering\",\"name\":\"Games - Maxie Remy\",\"isPartOf\":{\"@id\":\"https:\\\/\\\/maxieremy.com\\\/en#website\"},\"datePublished\":\"2024-07-18T09:56:33+00:00\",\"dateModified\":\"2026-01-29T11:45:40+00:00\",\"description\":\"Maxie Remy is a freelance Unity Engineer based in Paris with a strong expertise in XR, game design and level design.\",\"breadcrumb\":{\"@id\":\"https:\\\/\\\/maxieremy.com\\\/en\\\/engineering#breadcrumb\"},\"inLanguage\":\"en-US\",\"potentialAction\":[{\"@type\":\"ReadAction\",\"target\":[\"https:\\\/\\\/maxieremy.com\\\/en\\\/engineering\"]}]},{\"@type\":\"BreadcrumbList\",\"@id\":\"https:\\\/\\\/maxieremy.com\\\/en\\\/engineering#breadcrumb\",\"itemListElement\":[{\"@type\":\"ListItem\",\"position\":1,\"name\":\"Accueil\",\"item\":\"https:\\\/\\\/maxieremy.com\\\/en\"},{\"@type\":\"ListItem\",\"position\":2,\"name\":\"Games\"}]},{\"@type\":\"WebSite\",\"@id\":\"https:\\\/\\\/maxieremy.com\\\/en#website\",\"url\":\"https:\\\/\\\/maxieremy.com\\\/en\",\"name\":\"Maxie Remy\",\"description\":\"Sc\u00e9nario, r\u00e9alisation et ing\u00e9nierie num\u00e9rique\",\"potentialAction\":[{\"@type\":\"SearchAction\",\"target\":{\"@type\":\"EntryPoint\",\"urlTemplate\":\"https:\\\/\\\/maxieremy.com\\\/en?s={search_term_string}\"},\"query-input\":{\"@type\":\"PropertyValueSpecification\",\"valueRequired\":true,\"valueName\":\"search_term_string\"}}],\"inLanguage\":\"en-US\"}]}<\/script>\n<!-- \/ Yoast SEO plugin. -->","yoast_head_json":{"title":"Games - Maxie Remy","description":"Maxie Remy is a freelance Unity Engineer based in Paris with a strong expertise in XR, game design and level design.","robots":{"index":"index","follow":"follow","max-snippet":"max-snippet:-1","max-image-preview":"max-image-preview:large","max-video-preview":"max-video-preview:-1"},"canonical":"https:\/\/maxieremy.com\/en\/engineering","og_locale":"en_US","og_type":"article","og_title":"Games - Maxie Remy","og_description":"Maxie Remy is a freelance Unity Engineer based in Paris with a strong expertise in XR, game design and level design.","og_url":"https:\/\/maxieremy.com\/en\/engineering","og_site_name":"Maxie Remy","article_modified_time":"2026-01-29T11:45:40+00:00","twitter_card":"summary_large_image","schema":{"@context":"https:\/\/schema.org","@graph":[{"@type":"WebPage","@id":"https:\/\/maxieremy.com\/en\/engineering","url":"https:\/\/maxieremy.com\/en\/engineering","name":"Games - Maxie Remy","isPartOf":{"@id":"https:\/\/maxieremy.com\/en#website"},"datePublished":"2024-07-18T09:56:33+00:00","dateModified":"2026-01-29T11:45:40+00:00","description":"Maxie Remy is a freelance Unity Engineer based in Paris with a strong expertise in XR, game design and level design.","breadcrumb":{"@id":"https:\/\/maxieremy.com\/en\/engineering#breadcrumb"},"inLanguage":"en-US","potentialAction":[{"@type":"ReadAction","target":["https:\/\/maxieremy.com\/en\/engineering"]}]},{"@type":"BreadcrumbList","@id":"https:\/\/maxieremy.com\/en\/engineering#breadcrumb","itemListElement":[{"@type":"ListItem","position":1,"name":"Accueil","item":"https:\/\/maxieremy.com\/en"},{"@type":"ListItem","position":2,"name":"Games"}]},{"@type":"WebSite","@id":"https:\/\/maxieremy.com\/en#website","url":"https:\/\/maxieremy.com\/en","name":"Maxie Remy","description":"Sc\u00e9nario, r\u00e9alisation et ing\u00e9nierie num\u00e9rique","potentialAction":[{"@type":"SearchAction","target":{"@type":"EntryPoint","urlTemplate":"https:\/\/maxieremy.com\/en?s={search_term_string}"},"query-input":{"@type":"PropertyValueSpecification","valueRequired":true,"valueName":"search_term_string"}}],"inLanguage":"en-US"}]}},"_links":{"self":[{"href":"https:\/\/maxieremy.com\/en\/wp-json\/wp\/v2\/pages\/3727","targetHints":{"allow":["GET"]}}],"collection":[{"href":"https:\/\/maxieremy.com\/en\/wp-json\/wp\/v2\/pages"}],"about":[{"href":"https:\/\/maxieremy.com\/en\/wp-json\/wp\/v2\/types\/page"}],"author":[{"embeddable":true,"href":"https:\/\/maxieremy.com\/en\/wp-json\/wp\/v2\/users\/1"}],"replies":[{"embeddable":true,"href":"https:\/\/maxieremy.com\/en\/wp-json\/wp\/v2\/comments?post=3727"}],"version-history":[{"count":2,"href":"https:\/\/maxieremy.com\/en\/wp-json\/wp\/v2\/pages\/3727\/revisions"}],"predecessor-version":[{"id":4436,"href":"https:\/\/maxieremy.com\/en\/wp-json\/wp\/v2\/pages\/3727\/revisions\/4436"}],"wp:attachment":[{"href":"https:\/\/maxieremy.com\/en\/wp-json\/wp\/v2\/media?parent=3727"}],"curies":[{"name":"wp","href":"https:\/\/api.w.org\/{rel}","templated":true}]}}