{"id":3048,"date":"2022-07-01T03:18:53","date_gmt":"2022-07-01T03:18:53","guid":{"rendered":"https:\/\/maxenceremy.com\/fragile-rage"},"modified":"2024-09-09T10:13:47","modified_gmt":"2024-09-09T10:13:47","slug":"fragile-rage","status":"publish","type":"page","link":"https:\/\/maxieremy.com\/en\/fragile-rage","title":{"rendered":"Fragile Rage"},"content":{"rendered":"","protected":false},"excerpt":{"rendered":"","protected":false},"author":1,"featured_media":3049,"parent":0,"menu_order":0,"comment_status":"closed","ping_status":"closed","template":"","meta":{"_et_pb_use_builder":"on","_et_pb_old_content":"","_et_gb_content_width":"","footnotes":""},"class_list":["post-3048","page","type-page","status-publish","has-post-thumbnail","hentry"],"yoast_head":"<!-- This site is optimized with the Yoast SEO plugin v27.4 - https:\/\/yoast.com\/product\/yoast-seo-wordpress\/ -->\n<title>Fragile Rage - Maxie Remy<\/title>\n<meta name=\"description\" content=\"Discover Fragile Rage, a short film shot and produced in Japan, set in Tokyo during a city-wide state of emergency.\" \/>\n<meta name=\"robots\" content=\"index, follow, max-snippet:-1, max-image-preview:large, max-video-preview:-1\" \/>\n<link rel=\"canonical\" href=\"https:\/\/maxieremy.com\/en\/fragile-rage\" \/>\n<meta property=\"og:locale\" content=\"en_US\" \/>\n<meta property=\"og:type\" content=\"article\" \/>\n<meta property=\"og:title\" content=\"Fragile Rage - Maxie Remy\" \/>\n<meta property=\"og:description\" content=\"Discover Fragile Rage, a short film shot and produced in Japan, set in Tokyo during a city-wide state of emergency.\" \/>\n<meta property=\"og:url\" content=\"https:\/\/maxieremy.com\/en\/fragile-rage\" \/>\n<meta property=\"og:site_name\" content=\"Maxie Remy\" \/>\n<meta property=\"article:modified_time\" content=\"2024-09-09T10:13:47+00:00\" \/>\n<meta property=\"og:image\" content=\"https:\/\/maxieremy.com\/wp-content\/uploads\/2022\/07\/Rage-Fragile-v1.3.00_10_17_16.Image-fixe005-1024x576.png\" \/>\n\t<meta property=\"og:image:width\" content=\"1024\" \/>\n\t<meta property=\"og:image:height\" content=\"576\" \/>\n\t<meta property=\"og:image:type\" content=\"image\/png\" \/>\n<meta name=\"twitter:card\" content=\"summary_large_image\" \/>\n<script type=\"application\/ld+json\" class=\"yoast-schema-graph\">{\"@context\":\"https:\\\/\\\/schema.org\",\"@graph\":[{\"@type\":\"WebPage\",\"@id\":\"https:\\\/\\\/maxieremy.com\\\/en\\\/fragile-rage\",\"url\":\"https:\\\/\\\/maxieremy.com\\\/en\\\/fragile-rage\",\"name\":\"Fragile Rage - Maxie Remy\",\"isPartOf\":{\"@id\":\"https:\\\/\\\/maxieremy.com\\\/en#website\"},\"primaryImageOfPage\":{\"@id\":\"https:\\\/\\\/maxieremy.com\\\/en\\\/fragile-rage#primaryimage\"},\"image\":{\"@id\":\"https:\\\/\\\/maxieremy.com\\\/en\\\/fragile-rage#primaryimage\"},\"thumbnailUrl\":\"https:\\\/\\\/maxieremy.com\\\/wp-content\\\/uploads\\\/2022\\\/07\\\/Rage-Fragile-v1.3.00_10_17_16.Image-fixe005.png\",\"datePublished\":\"2022-07-01T03:18:53+00:00\",\"dateModified\":\"2024-09-09T10:13:47+00:00\",\"description\":\"Discover Fragile Rage, a short film shot and produced in Japan, set in Tokyo during a city-wide state of emergency.\",\"breadcrumb\":{\"@id\":\"https:\\\/\\\/maxieremy.com\\\/en\\\/fragile-rage#breadcrumb\"},\"inLanguage\":\"en-US\",\"potentialAction\":[{\"@type\":\"ReadAction\",\"target\":[\"https:\\\/\\\/maxieremy.com\\\/en\\\/fragile-rage\"]}]},{\"@type\":\"ImageObject\",\"inLanguage\":\"en-US\",\"@id\":\"https:\\\/\\\/maxieremy.com\\\/en\\\/fragile-rage#primaryimage\",\"url\":\"https:\\\/\\\/maxieremy.com\\\/wp-content\\\/uploads\\\/2022\\\/07\\\/Rage-Fragile-v1.3.00_10_17_16.Image-fixe005.png\",\"contentUrl\":\"https:\\\/\\\/maxieremy.com\\\/wp-content\\\/uploads\\\/2022\\\/07\\\/Rage-Fragile-v1.3.00_10_17_16.Image-fixe005.png\",\"width\":1920,\"height\":1080,\"caption\":\"Maiya Goshima in Fragile Rage #05\"},{\"@type\":\"BreadcrumbList\",\"@id\":\"https:\\\/\\\/maxieremy.com\\\/en\\\/fragile-rage#breadcrumb\",\"itemListElement\":[{\"@type\":\"ListItem\",\"position\":1,\"name\":\"Accueil\",\"item\":\"https:\\\/\\\/maxieremy.com\\\/en\"},{\"@type\":\"ListItem\",\"position\":2,\"name\":\"Fragile Rage\"}]},{\"@type\":\"WebSite\",\"@id\":\"https:\\\/\\\/maxieremy.com\\\/en#website\",\"url\":\"https:\\\/\\\/maxieremy.com\\\/en\",\"name\":\"Maxie Remy\",\"description\":\"Sc\u00e9nario, r\u00e9alisation et ing\u00e9nierie num\u00e9rique\",\"potentialAction\":[{\"@type\":\"SearchAction\",\"target\":{\"@type\":\"EntryPoint\",\"urlTemplate\":\"https:\\\/\\\/maxieremy.com\\\/en?s={search_term_string}\"},\"query-input\":{\"@type\":\"PropertyValueSpecification\",\"valueRequired\":true,\"valueName\":\"search_term_string\"}}],\"inLanguage\":\"en-US\"}]}<\/script>\n<!-- \/ Yoast SEO plugin. -->","yoast_head_json":{"title":"Fragile Rage - Maxie Remy","description":"Discover Fragile Rage, a short film shot and produced in Japan, set in Tokyo during a city-wide state of emergency.","robots":{"index":"index","follow":"follow","max-snippet":"max-snippet:-1","max-image-preview":"max-image-preview:large","max-video-preview":"max-video-preview:-1"},"canonical":"https:\/\/maxieremy.com\/en\/fragile-rage","og_locale":"en_US","og_type":"article","og_title":"Fragile Rage - Maxie Remy","og_description":"Discover Fragile Rage, a short film shot and produced in Japan, set in Tokyo during a city-wide state of emergency.","og_url":"https:\/\/maxieremy.com\/en\/fragile-rage","og_site_name":"Maxie Remy","article_modified_time":"2024-09-09T10:13:47+00:00","og_image":[{"width":1024,"height":576,"url":"https:\/\/maxieremy.com\/wp-content\/uploads\/2022\/07\/Rage-Fragile-v1.3.00_10_17_16.Image-fixe005-1024x576.png","type":"image\/png"}],"twitter_card":"summary_large_image","schema":{"@context":"https:\/\/schema.org","@graph":[{"@type":"WebPage","@id":"https:\/\/maxieremy.com\/en\/fragile-rage","url":"https:\/\/maxieremy.com\/en\/fragile-rage","name":"Fragile Rage - Maxie Remy","isPartOf":{"@id":"https:\/\/maxieremy.com\/en#website"},"primaryImageOfPage":{"@id":"https:\/\/maxieremy.com\/en\/fragile-rage#primaryimage"},"image":{"@id":"https:\/\/maxieremy.com\/en\/fragile-rage#primaryimage"},"thumbnailUrl":"https:\/\/maxieremy.com\/wp-content\/uploads\/2022\/07\/Rage-Fragile-v1.3.00_10_17_16.Image-fixe005.png","datePublished":"2022-07-01T03:18:53+00:00","dateModified":"2024-09-09T10:13:47+00:00","description":"Discover Fragile Rage, a short film shot and produced in Japan, set in Tokyo during a city-wide state of emergency.","breadcrumb":{"@id":"https:\/\/maxieremy.com\/en\/fragile-rage#breadcrumb"},"inLanguage":"en-US","potentialAction":[{"@type":"ReadAction","target":["https:\/\/maxieremy.com\/en\/fragile-rage"]}]},{"@type":"ImageObject","inLanguage":"en-US","@id":"https:\/\/maxieremy.com\/en\/fragile-rage#primaryimage","url":"https:\/\/maxieremy.com\/wp-content\/uploads\/2022\/07\/Rage-Fragile-v1.3.00_10_17_16.Image-fixe005.png","contentUrl":"https:\/\/maxieremy.com\/wp-content\/uploads\/2022\/07\/Rage-Fragile-v1.3.00_10_17_16.Image-fixe005.png","width":1920,"height":1080,"caption":"Maiya Goshima in Fragile Rage #05"},{"@type":"BreadcrumbList","@id":"https:\/\/maxieremy.com\/en\/fragile-rage#breadcrumb","itemListElement":[{"@type":"ListItem","position":1,"name":"Accueil","item":"https:\/\/maxieremy.com\/en"},{"@type":"ListItem","position":2,"name":"Fragile Rage"}]},{"@type":"WebSite","@id":"https:\/\/maxieremy.com\/en#website","url":"https:\/\/maxieremy.com\/en","name":"Maxie Remy","description":"Sc\u00e9nario, r\u00e9alisation et ing\u00e9nierie num\u00e9rique","potentialAction":[{"@type":"SearchAction","target":{"@type":"EntryPoint","urlTemplate":"https:\/\/maxieremy.com\/en?s={search_term_string}"},"query-input":{"@type":"PropertyValueSpecification","valueRequired":true,"valueName":"search_term_string"}}],"inLanguage":"en-US"}]}},"_links":{"self":[{"href":"https:\/\/maxieremy.com\/en\/wp-json\/wp\/v2\/pages\/3048","targetHints":{"allow":["GET"]}}],"collection":[{"href":"https:\/\/maxieremy.com\/en\/wp-json\/wp\/v2\/pages"}],"about":[{"href":"https:\/\/maxieremy.com\/en\/wp-json\/wp\/v2\/types\/page"}],"author":[{"embeddable":true,"href":"https:\/\/maxieremy.com\/en\/wp-json\/wp\/v2\/users\/1"}],"replies":[{"embeddable":true,"href":"https:\/\/maxieremy.com\/en\/wp-json\/wp\/v2\/comments?post=3048"}],"version-history":[{"count":4,"href":"https:\/\/maxieremy.com\/en\/wp-json\/wp\/v2\/pages\/3048\/revisions"}],"predecessor-version":[{"id":3137,"href":"https:\/\/maxieremy.com\/en\/wp-json\/wp\/v2\/pages\/3048\/revisions\/3137"}],"wp:featuredmedia":[{"embeddable":true,"href":"https:\/\/maxieremy.com\/en\/wp-json\/wp\/v2\/media\/3049"}],"wp:attachment":[{"href":"https:\/\/maxieremy.com\/en\/wp-json\/wp\/v2\/media?parent=3048"}],"curies":[{"name":"wp","href":"https:\/\/api.w.org\/{rel}","templated":true}]}}